{"id":220,"date":"2021-03-16T08:46:14","date_gmt":"2021-03-16T08:46:14","guid":{"rendered":"http:\/\/www.proparta.fi\/galleria\/?page_id=220"},"modified":"2021-11-07T14:31:21","modified_gmt":"2021-11-07T14:31:21","slug":"teosmyynti","status":"publish","type":"page","link":"https:\/\/www.proparta.fi\/galleria\/yhteystiedot\/teosmyynti\/","title":{"rendered":"Teosmyynti"},"content":{"rendered":"\n<p>Teosmyynti<\/p>\n\n\n\n<p>Voit ostaa kuviani ottamalla yhteytt\u00e4 oheisella lomakkeella tai s\u00e4hk\u00f6postitse. Vedostan kuvat korkealaatuiselle valokuvapaperille. Paperivaihtoehtoja ovat sile\u00e4 matta, struktuuripintainen matta tai kiilt\u00e4v\u00e4 valokuvapaperi (Paperivalmistajat Hahnem\u00fchle, Epson tai Ilford).<\/p>\n\n\n\n<p><strong>Vedos- \/ tauluhinnasto<\/strong><\/p>\n\n\n\n<figure class=\"wp-block-table\"><table><tbody><tr><td>Koko<\/td><td>Hinta<\/td><\/tr><tr><td>A5 (15*21)<\/td><td>40<\/td><\/tr><tr><td>A4 (21*30)<\/td><td>100<\/td><\/tr><tr><td>A3 (30*42)<\/td><td>150<\/td><\/tr><tr><td>A3+ (33*48)<\/td><td>180<\/td><\/tr><\/tbody><\/table><\/figure>\n\n\n\n<p>Hinnat sis. alv 24% ilman kehyksi\u00e4.<\/p>\n\n\n\n<p>Voit kysy\u00e4 lis\u00e4tietoja teoksista ja kehystysvaihtoehdoista yhteydenottolomakkeella. <\/p>\n\n\n\n<div class=\"wp-block-buttons is-layout-flex wp-block-buttons-is-layout-flex\">\n<div class=\"wp-block-button\"><a class=\"wp-block-button__link\" href=\"https:\/\/www.proparta.fi\/galleria\/yhteystiedot\/ota-yhteytta\/\">Yhteydenottolomake<\/a><\/div>\n<\/div>\n","protected":false},"excerpt":{"rendered":"<p>Teosmyynti Voit ostaa kuviani ottamalla yhteytt\u00e4 oheisella lomakkeella tai s\u00e4hk\u00f6postitse. Vedostan kuvat korkealaatuiselle valokuvapaperille. Paperivaihtoehtoja ovat sile\u00e4 matta, struktuuripintainen matta tai kiilt\u00e4v\u00e4 valokuvapaperi (Paperivalmistajat Hahnem\u00fchle, Epson tai Ilford). Vedos- \/ tauluhinnasto Koko Hinta A5 (15*21) 40 A4 (21*30) 100 A3 (30*42) 150 A3+ (33*48) 180 Hinnat sis. alv 24% ilman kehyksi\u00e4. Voit kysy\u00e4 lis\u00e4tietoja teoksista [&hellip;]<\/p>\n","protected":false},"author":2,"featured_media":0,"parent":197,"menu_order":92,"comment_status":"closed","ping_status":"closed","template":"templates\/full-width-page.php","meta":{"_vp_format_video_url":"","_vp_image_focal_point":[],"footnotes":""},"class_list":["post-220","page","type-page","status-publish","hentry"],"_links":{"self":[{"href":"https:\/\/www.proparta.fi\/galleria\/wp-json\/wp\/v2\/pages\/220","targetHints":{"allow":["GET"]}}],"collection":[{"href":"https:\/\/www.proparta.fi\/galleria\/wp-json\/wp\/v2\/pages"}],"about":[{"href":"https:\/\/www.proparta.fi\/galleria\/wp-json\/wp\/v2\/types\/page"}],"author":[{"embeddable":true,"href":"https:\/\/www.proparta.fi\/galleria\/wp-json\/wp\/v2\/users\/2"}],"replies":[{"embeddable":true,"href":"https:\/\/www.proparta.fi\/galleria\/wp-json\/wp\/v2\/comments?post=220"}],"version-history":[{"count":3,"href":"https:\/\/www.proparta.fi\/galleria\/wp-json\/wp\/v2\/pages\/220\/revisions"}],"predecessor-version":[{"id":288,"href":"https:\/\/www.proparta.fi\/galleria\/wp-json\/wp\/v2\/pages\/220\/revisions\/288"}],"up":[{"embeddable":true,"href":"https:\/\/www.proparta.fi\/galleria\/wp-json\/wp\/v2\/pages\/197"}],"wp:attachment":[{"href":"https:\/\/www.proparta.fi\/galleria\/wp-json\/wp\/v2\/media?parent=220"}],"curies":[{"name":"wp","href":"https:\/\/api.w.org\/{rel}","templated":true}]}}