{"id":85,"date":"2021-03-14T15:26:44","date_gmt":"2021-03-14T15:26:44","guid":{"rendered":"http:\/\/www.proparta.fi\/galleria\/?page_id=85"},"modified":"2024-12-04T13:16:38","modified_gmt":"2024-12-04T13:16:38","slug":"urban-seinia","status":"publish","type":"page","link":"https:\/\/www.proparta.fi\/galleria\/urban-seinia\/","title":{"rendered":"Urban"},"content":{"rendered":"\n<div class=\"wp-block-columns is-layout-flex wp-container-core-columns-is-layout-9d6595d7 wp-block-columns-is-layout-flex\">\n<div class=\"wp-block-column is-layout-flow wp-block-column-is-layout-flow\" style=\"flex-basis:100%\"><\/div>\n<\/div>\n\n\n<div class=\"wp-block-visual-portfolio alignwide\">\n<div class=\"vp-portfolio vp-uid-1d44cd0f vp-id-ZRjIW3\"\n\tdata-vp-layout=\"tiles\" data-vp-content-source=\"post-based\" data-vp-items-style=\"default\" data-vp-items-click-action=\"url\" data-vp-items-gap=\"15\" data-vp-items-gap-vertical=\"\" data-vp-pagination=\"load-more\" data-vp-next-page-url=\"\" data-vp-tiles-type=\"3|1,1|\" >\n\t<div class=\"vp-portfolio__preloader-wrap\">\n\t\t<div class=\"vp-portfolio__preloader\">\n\t\t\t<img decoding=\"async\" loading=\"eager\" src=\"https:\/\/www.proparta.fi\/galleria\/wp-content\/plugins\/visual-portfolio\/assets\/images\/logo-dark.svg\" alt=\"Visual Portfolio, Posts &amp; Image Gallery for WordPress\" width=\"20\" height=\"20\" data-skip-lazy>\n\t\t<\/div>\n\t<\/div>\n\t\t<div class=\"vp-portfolio__layout-elements vp-portfolio__layout-elements-top vp-portfolio__layout-elements-align-center\">\n\t\t\t\t<div class=\"vp-portfolio__filter-wrap\">\n\t\t\n<div class=\"vp-filter vp-filter__style-minimal\">\n\t\t\t<div class=\"vp-filter__item vp-filter__item-active\">\n\t\t\t<a href=\"https:\/\/www.proparta.fi\/galleria\/wp-json\/wp\/v2\/pages\/85\" data-vp-filter=\"*\">\n\t\t\t\tAll\n\t\t\t\t\t\t\t<\/a>\n\t\t<\/div>\n\t\t\t\t<div class=\"vp-filter__item\">\n\t\t\t<a href=\"https:\/\/www.proparta.fi\/galleria\/wp-json\/wp\/v2\/pages\/85?vp_filter=category%3Aurban\" data-vp-filter=\"urban\">\n\t\t\t\tUrban\n\t\t\t\t\t\t\t<\/a>\n\t\t<\/div>\n\t\t<\/div>\n\t\t<\/div>\n\t\t\t\t<\/div>\n\t\t\t\t<div class=\"vp-portfolio__items-wrap\">\n\t\t\t\n<div class=\"vp-portfolio__items vp-portfolio__items-style-default vp-portfolio__items-show-overlay-hover\">\n\n\t\t<article\t\tclass=\"vp-portfolio__item-wrap post-314 post type-post status-publish format-standard has-post-thumbnail hentry category-urban tag-urban vp-portfolio__item-uid-a6f494b8\" data-vp-filter=\"urban\" \t\t>\n\t\t\t\t\t\t\t\t\t<figure class=\"vp-portfolio__item\">\n\t\t\t\t\n<div class=\"vp-portfolio__item-img-wrap\">\n\t<div class=\"vp-portfolio__item-img\">\n\t\t\t<a\n\t\thref=\"https:\/\/www.proparta.fi\/galleria\/urban\/urban-walls\/\"\n\t\taria-label=\"Urban walls\" \t>\n\t\n\t\t<noscript><img loading=\"lazy\" decoding=\"async\" width=\"816\" height=\"1199\" data-skip-lazy src=\"https:\/\/www.proparta.fi\/galleria\/wp-content\/uploads\/2021\/03\/NY_7650_DSC_3035cra_web.jpg\" class=\"wp-image-52\" alt=\"Tricolor Wall\" srcset=\"https:\/\/www.proparta.fi\/galleria\/wp-content\/uploads\/2021\/03\/NY_7650_DSC_3035cra_web.jpg 816w, https:\/\/www.proparta.fi\/galleria\/wp-content\/uploads\/2021\/03\/NY_7650_DSC_3035cra_web-204x300.jpg 204w, https:\/\/www.proparta.fi\/galleria\/wp-content\/uploads\/2021\/03\/NY_7650_DSC_3035cra_web-697x1024.jpg 697w, https:\/\/www.proparta.fi\/galleria\/wp-content\/uploads\/2021\/03\/NY_7650_DSC_3035cra_web-768x1128.jpg 768w, https:\/\/www.proparta.fi\/galleria\/wp-content\/uploads\/2021\/03\/NY_7650_DSC_3035cra_web-690x1014.jpg 690w\" sizes=\"auto, (max-width: 816px) 100vw, 816px\" \/><\/noscript><img fetchpriority=\"high\" decoding=\"async\" width=\"816\" height=\"1199\" src=\"https:\/\/www.proparta.fi\/galleria\/wp-content\/uploads\/2021\/03\/NY_7650_DSC_3035cra_web.jpg\" class=\"wp-image-52 vp-lazyload\" alt=\"Tricolor Wall\" srcset=\"data:image\/svg+xml;base64,PHN2ZyB3aWR0aD0iODE2IiBoZWlnaHQ9IjExOTkiIHZpZXdCb3g9IjAgMCA4MTYgMTE5OSIgZmlsbD0ibm9uZSIgeG1sbnM9Imh0dHA6Ly93d3cudzMub3JnLzIwMDAvc3ZnIj48L3N2Zz4=\" data-src=\"https:\/\/www.proparta.fi\/galleria\/wp-content\/uploads\/2021\/03\/NY_7650_DSC_3035cra_web.jpg\" data-srcset=\"https:\/\/www.proparta.fi\/galleria\/wp-content\/uploads\/2021\/03\/NY_7650_DSC_3035cra_web.jpg 816w, https:\/\/www.proparta.fi\/galleria\/wp-content\/uploads\/2021\/03\/NY_7650_DSC_3035cra_web-204x300.jpg 204w, https:\/\/www.proparta.fi\/galleria\/wp-content\/uploads\/2021\/03\/NY_7650_DSC_3035cra_web-697x1024.jpg 697w, https:\/\/www.proparta.fi\/galleria\/wp-content\/uploads\/2021\/03\/NY_7650_DSC_3035cra_web-768x1128.jpg 768w, https:\/\/www.proparta.fi\/galleria\/wp-content\/uploads\/2021\/03\/NY_7650_DSC_3035cra_web-690x1014.jpg 690w\" data-sizes=\"auto\" loading=\"eager\">\n\t\t<div class=\"vp-portfolio__item-overlay\">\n\t\t\t\t\t<\/div>\n\n\t\t<\/a>\t<\/div>\n<\/div>\n\n\t<figcaption class=\"vp-portfolio__item-caption vp-portfolio__item-caption-text-align-center\">\n\t\t<div class=\"vp-portfolio__item-meta\">\n\t\t\t\n\n<div class=\"vp-portfolio__item-meta-categories\">\n\t\t\t<div class=\"vp-portfolio__item-meta-category\">\n\t\t\t\t<a\n\t\thref=\"https:\/\/www.proparta.fi\/galleria\/wp-json\/wp\/v2\/pages\/85?vp_filter=category%3Aurban\"\n\t\t\t>\n\tUrban<\/a>\t\t<\/div>\n\t\t<\/div>\n\n\n<h2 class=\"vp-portfolio__item-meta-title\">\n\t\t<a\n\t\thref=\"https:\/\/www.proparta.fi\/galleria\/urban\/urban-walls\/\"\n\t\t\t>\n\tUrban walls<\/a><\/h2>\n\t\t<\/div>\n\t<\/figcaption>\n\t\t\t<\/figure>\n\t\t\t\t\t<\/article>\n\t\t\n\t\t<article\t\tclass=\"vp-portfolio__item-wrap post-360 post type-post status-publish format-standard has-post-thumbnail hentry category-urban tag-urban vp-portfolio__item-uid-eed8c666\" data-vp-filter=\"urban\" \t\t>\n\t\t\t\t\t\t\t\t\t<figure class=\"vp-portfolio__item\">\n\t\t\t\t\n<div class=\"vp-portfolio__item-img-wrap\">\n\t<div class=\"vp-portfolio__item-img\">\n\t\t\t<a\n\t\thref=\"https:\/\/www.proparta.fi\/galleria\/urban\/urban-reklaamit\/\"\n\t\taria-label=\"Urban reklaamit\" \t>\n\t\n\t\t<noscript><img loading=\"lazy\" decoding=\"async\" width=\"1554\" height=\"2282\" data-skip-lazy src=\"https:\/\/www.proparta.fi\/galleria\/wp-content\/uploads\/2021\/03\/Collection_brown01_black_WEB.jpg\" class=\"wp-image-39\" alt=\"Reklaami Collection brown\" srcset=\"https:\/\/www.proparta.fi\/galleria\/wp-content\/uploads\/2021\/03\/Collection_brown01_black_WEB.jpg 1554w, https:\/\/www.proparta.fi\/galleria\/wp-content\/uploads\/2021\/03\/Collection_brown01_black_WEB-204x300.jpg 204w, https:\/\/www.proparta.fi\/galleria\/wp-content\/uploads\/2021\/03\/Collection_brown01_black_WEB-697x1024.jpg 697w, https:\/\/www.proparta.fi\/galleria\/wp-content\/uploads\/2021\/03\/Collection_brown01_black_WEB-768x1128.jpg 768w, https:\/\/www.proparta.fi\/galleria\/wp-content\/uploads\/2021\/03\/Collection_brown01_black_WEB-1046x1536.jpg 1046w, https:\/\/www.proparta.fi\/galleria\/wp-content\/uploads\/2021\/03\/Collection_brown01_black_WEB-1395x2048.jpg 1395w, https:\/\/www.proparta.fi\/galleria\/wp-content\/uploads\/2021\/03\/Collection_brown01_black_WEB-690x1013.jpg 690w, https:\/\/www.proparta.fi\/galleria\/wp-content\/uploads\/2021\/03\/Collection_brown01_black_WEB-980x1439.jpg 980w\" sizes=\"auto, (max-width: 1554px) 100vw, 1554px\" \/><\/noscript><img decoding=\"async\" width=\"1554\" height=\"2282\" src=\"https:\/\/www.proparta.fi\/galleria\/wp-content\/uploads\/2021\/03\/Collection_brown01_black_WEB.jpg\" class=\"wp-image-39 vp-lazyload\" alt=\"Reklaami Collection brown\" srcset=\"data:image\/svg+xml;base64,PHN2ZyB3aWR0aD0iMTU1NCIgaGVpZ2h0PSIyMjgyIiB2aWV3Qm94PSIwIDAgMTU1NCAyMjgyIiBmaWxsPSJub25lIiB4bWxucz0iaHR0cDovL3d3dy53My5vcmcvMjAwMC9zdmciPjwvc3ZnPg==\" data-src=\"https:\/\/www.proparta.fi\/galleria\/wp-content\/uploads\/2021\/03\/Collection_brown01_black_WEB.jpg\" data-srcset=\"https:\/\/www.proparta.fi\/galleria\/wp-content\/uploads\/2021\/03\/Collection_brown01_black_WEB.jpg 1554w, https:\/\/www.proparta.fi\/galleria\/wp-content\/uploads\/2021\/03\/Collection_brown01_black_WEB-204x300.jpg 204w, https:\/\/www.proparta.fi\/galleria\/wp-content\/uploads\/2021\/03\/Collection_brown01_black_WEB-697x1024.jpg 697w, https:\/\/www.proparta.fi\/galleria\/wp-content\/uploads\/2021\/03\/Collection_brown01_black_WEB-768x1128.jpg 768w, https:\/\/www.proparta.fi\/galleria\/wp-content\/uploads\/2021\/03\/Collection_brown01_black_WEB-1046x1536.jpg 1046w, https:\/\/www.proparta.fi\/galleria\/wp-content\/uploads\/2021\/03\/Collection_brown01_black_WEB-1395x2048.jpg 1395w, https:\/\/www.proparta.fi\/galleria\/wp-content\/uploads\/2021\/03\/Collection_brown01_black_WEB-690x1013.jpg 690w, https:\/\/www.proparta.fi\/galleria\/wp-content\/uploads\/2021\/03\/Collection_brown01_black_WEB-980x1439.jpg 980w\" data-sizes=\"auto\" loading=\"eager\">\n\t\t<div class=\"vp-portfolio__item-overlay\">\n\t\t\t\t\t<\/div>\n\n\t\t<\/a>\t<\/div>\n<\/div>\n\n\t<figcaption class=\"vp-portfolio__item-caption vp-portfolio__item-caption-text-align-center\">\n\t\t<div class=\"vp-portfolio__item-meta\">\n\t\t\t\n\n<div class=\"vp-portfolio__item-meta-categories\">\n\t\t\t<div class=\"vp-portfolio__item-meta-category\">\n\t\t\t\t<a\n\t\thref=\"https:\/\/www.proparta.fi\/galleria\/wp-json\/wp\/v2\/pages\/85?vp_filter=category%3Aurban\"\n\t\t\t>\n\tUrban<\/a>\t\t<\/div>\n\t\t<\/div>\n\n\n<h2 class=\"vp-portfolio__item-meta-title\">\n\t\t<a\n\t\thref=\"https:\/\/www.proparta.fi\/galleria\/urban\/urban-reklaamit\/\"\n\t\t\t>\n\tUrban reklaamit<\/a><\/h2>\n\t\t<\/div>\n\t<\/figcaption>\n\t\t\t<\/figure>\n\t\t\t\t\t<\/article>\n\t\t\n\t\t<article\t\tclass=\"vp-portfolio__item-wrap post-617 post type-post status-publish format-standard has-post-thumbnail hentry category-urban vp-portfolio__item-uid-393607e9\" data-vp-filter=\"urban\" \t\t>\n\t\t\t\t\t\t\t\t\t<figure class=\"vp-portfolio__item\">\n\t\t\t\t\n<div class=\"vp-portfolio__item-img-wrap\">\n\t<div class=\"vp-portfolio__item-img\">\n\t\t\t<a\n\t\thref=\"https:\/\/www.proparta.fi\/galleria\/urban\/purkutaide-jarvenpaa\/\"\n\t\taria-label=\"Purkutaide &#8211; J\u00e4rvenp\u00e4\u00e4\" \t>\n\t\n\t\t<noscript><img loading=\"lazy\" decoding=\"async\" width=\"1180\" height=\"719\" data-skip-lazy src=\"https:\/\/www.proparta.fi\/galleria\/wp-content\/uploads\/2023\/03\/DSE_0423_web_stamped.jpg\" class=\"wp-image-607\" alt=\"\" srcset=\"https:\/\/www.proparta.fi\/galleria\/wp-content\/uploads\/2023\/03\/DSE_0423_web_stamped.jpg 1180w, https:\/\/www.proparta.fi\/galleria\/wp-content\/uploads\/2023\/03\/DSE_0423_web_stamped-300x183.jpg 300w, https:\/\/www.proparta.fi\/galleria\/wp-content\/uploads\/2023\/03\/DSE_0423_web_stamped-1024x624.jpg 1024w, https:\/\/www.proparta.fi\/galleria\/wp-content\/uploads\/2023\/03\/DSE_0423_web_stamped-768x468.jpg 768w, https:\/\/www.proparta.fi\/galleria\/wp-content\/uploads\/2023\/03\/DSE_0423_web_stamped-500x305.jpg 500w, https:\/\/www.proparta.fi\/galleria\/wp-content\/uploads\/2023\/03\/DSE_0423_web_stamped-800x487.jpg 800w, https:\/\/www.proparta.fi\/galleria\/wp-content\/uploads\/2023\/03\/DSE_0423_web_stamped-690x420.jpg 690w, https:\/\/www.proparta.fi\/galleria\/wp-content\/uploads\/2023\/03\/DSE_0423_web_stamped-980x597.jpg 980w\" sizes=\"auto, (max-width: 1180px) 100vw, 1180px\" \/><\/noscript><img decoding=\"async\" width=\"1180\" height=\"719\" src=\"https:\/\/www.proparta.fi\/galleria\/wp-content\/uploads\/2023\/03\/DSE_0423_web_stamped.jpg\" class=\"wp-image-607 vp-lazyload\" alt srcset=\"data:image\/svg+xml;base64,PHN2ZyB3aWR0aD0iMTE4MCIgaGVpZ2h0PSI3MTkiIHZpZXdCb3g9IjAgMCAxMTgwIDcxOSIgZmlsbD0ibm9uZSIgeG1sbnM9Imh0dHA6Ly93d3cudzMub3JnLzIwMDAvc3ZnIj48L3N2Zz4=\" data-src=\"https:\/\/www.proparta.fi\/galleria\/wp-content\/uploads\/2023\/03\/DSE_0423_web_stamped.jpg\" data-srcset=\"https:\/\/www.proparta.fi\/galleria\/wp-content\/uploads\/2023\/03\/DSE_0423_web_stamped.jpg 1180w, https:\/\/www.proparta.fi\/galleria\/wp-content\/uploads\/2023\/03\/DSE_0423_web_stamped-300x183.jpg 300w, https:\/\/www.proparta.fi\/galleria\/wp-content\/uploads\/2023\/03\/DSE_0423_web_stamped-1024x624.jpg 1024w, https:\/\/www.proparta.fi\/galleria\/wp-content\/uploads\/2023\/03\/DSE_0423_web_stamped-768x468.jpg 768w, https:\/\/www.proparta.fi\/galleria\/wp-content\/uploads\/2023\/03\/DSE_0423_web_stamped-500x305.jpg 500w, https:\/\/www.proparta.fi\/galleria\/wp-content\/uploads\/2023\/03\/DSE_0423_web_stamped-800x487.jpg 800w, https:\/\/www.proparta.fi\/galleria\/wp-content\/uploads\/2023\/03\/DSE_0423_web_stamped-690x420.jpg 690w, https:\/\/www.proparta.fi\/galleria\/wp-content\/uploads\/2023\/03\/DSE_0423_web_stamped-980x597.jpg 980w\" data-sizes=\"auto\" loading=\"eager\">\n\t\t<div class=\"vp-portfolio__item-overlay\">\n\t\t\t\t\t<\/div>\n\n\t\t<\/a>\t<\/div>\n<\/div>\n\n\t<figcaption class=\"vp-portfolio__item-caption vp-portfolio__item-caption-text-align-center\">\n\t\t<div class=\"vp-portfolio__item-meta\">\n\t\t\t\n\n<div class=\"vp-portfolio__item-meta-categories\">\n\t\t\t<div class=\"vp-portfolio__item-meta-category\">\n\t\t\t\t<a\n\t\thref=\"https:\/\/www.proparta.fi\/galleria\/wp-json\/wp\/v2\/pages\/85?vp_filter=category%3Aurban\"\n\t\t\t>\n\tUrban<\/a>\t\t<\/div>\n\t\t<\/div>\n\n\n<h2 class=\"vp-portfolio__item-meta-title\">\n\t\t<a\n\t\thref=\"https:\/\/www.proparta.fi\/galleria\/urban\/purkutaide-jarvenpaa\/\"\n\t\t\t>\n\tPurkutaide &#8211; J\u00e4rvenp\u00e4\u00e4<\/a><\/h2>\n\t\t<\/div>\n\t<\/figcaption>\n\t\t\t<\/figure>\n\t\t\t\t\t<\/article>\n\t\t\n<\/div>\n\t\t<\/div>\n\t\t\t\t<div class=\"vp-portfolio__layout-elements vp-portfolio__layout-elements-bottom vp-portfolio__layout-elements-align-center\">\n\t\t\t\t<div class=\"vp-portfolio__pagination-wrap\">\n\t\t\n<div class=\"vp-pagination vp-pagination__no-more vp-pagination__style-minimal\" data-vp-pagination-type=\"load-more\">\n\t<div class=\"vp-pagination__item\">\n\t\t<a class=\"vp-pagination__load-more\" href=\"\">\n\t\t\t<span>Load More<\/span>\n\t\t\t<span class=\"vp-pagination__load-more-loading\"><span class=\"vp-spinner\"><\/span><span class=\"vp-screen-reader-text\"> Loading More&#8230;<\/span><\/span>\n\t\t\t<span class=\"vp-pagination__load-more-no-more\">You\u2019ve reached the end of the list<\/span>\n\t\t<\/a>\n\t<\/div>\n<\/div>\n\t\t<\/div>\n\t\t\t\t<\/div>\n\t\t\n<\/div>\n<\/div>","protected":false},"excerpt":{"rendered":"","protected":false},"author":2,"featured_media":0,"parent":0,"menu_order":20,"comment_status":"closed","ping_status":"closed","template":"templates\/full-width-page.php","meta":{"_vp_format_video_url":"","_vp_image_focal_point":[],"footnotes":""},"class_list":["post-85","page","type-page","status-publish","hentry"],"_links":{"self":[{"href":"https:\/\/www.proparta.fi\/galleria\/wp-json\/wp\/v2\/pages\/85","targetHints":{"allow":["GET"]}}],"collection":[{"href":"https:\/\/www.proparta.fi\/galleria\/wp-json\/wp\/v2\/pages"}],"about":[{"href":"https:\/\/www.proparta.fi\/galleria\/wp-json\/wp\/v2\/types\/page"}],"author":[{"embeddable":true,"href":"https:\/\/www.proparta.fi\/galleria\/wp-json\/wp\/v2\/users\/2"}],"replies":[{"embeddable":true,"href":"https:\/\/www.proparta.fi\/galleria\/wp-json\/wp\/v2\/comments?post=85"}],"version-history":[{"count":15,"href":"https:\/\/www.proparta.fi\/galleria\/wp-json\/wp\/v2\/pages\/85\/revisions"}],"predecessor-version":[{"id":801,"href":"https:\/\/www.proparta.fi\/galleria\/wp-json\/wp\/v2\/pages\/85\/revisions\/801"}],"wp:attachment":[{"href":"https:\/\/www.proparta.fi\/galleria\/wp-json\/wp\/v2\/media?parent=85"}],"curies":[{"name":"wp","href":"https:\/\/api.w.org\/{rel}","templated":true}]}}